{"id":31262,"date":"2024-06-17T09:59:01","date_gmt":"2024-06-17T09:59:01","guid":{"rendered":"https:\/\/exuvia.es\/quien-soy\/"},"modified":"2025-01-24T11:25:39","modified_gmt":"2025-01-24T11:25:39","slug":"qui-soc","status":"publish","type":"page","link":"https:\/\/exuvia.es\/ca\/qui-soc\/","title":{"rendered":"Qui s\u00f3c?"},"content":{"rendered":"<div class=\"wpb-content-wrapper\"><p>[vc_row full_width=&#8221;stretch_row_content_no_spaces&#8221; css=&#8221;.vc_custom_1456399684039{margin-bottom: 0px !important;}&#8221;][vc_column]<div class=\"clearboth\"><\/div><style>#thegem-divider-69d025252bb09 {margin-top: -17px !important;}#thegem-divider-69d025252bb09 {margin-bottom: 115px !important;}<\/style><div id=\"thegem-divider-69d025252bb09\" class=\"gem-divider  \" style=\"\" ><\/div>[\/vc_column][\/vc_row][vc_row][vc_column][vc_column_text css=&#8221;&#8221;]<\/p>\n<h2><span style=\"color: #486e79;\">Qui s\u00f3c?<\/span><\/h2>\n<p>[\/vc_column_text][vc_column_text css=&#8221;&#8221;]S\u00f3c la Laura. Vaig n\u00e9ixer a Badalona, \u200b\u200bciutat on resideixo actualment i on es troba el Centre Exuvia.<\/p>\n<p>Em vaig llicenciar en Hist\u00f2ria l&#8217;any 2007 i vaig treballar gran part de la meva vida al camp de l&#8217;arxiu i l&#8217;administraci\u00f3.<\/p>\n<p>L&#8217;any 2009 vaig comen\u00e7ar a treballar en l&#8217;\u00e0mbit de la quiropr\u00e0ctica i aquell mateix any es va obrir a Barcelona el <strong>\u201cBarcelona College of Chiropractic\u201d<\/strong> aix\u00ed que vaig decidir estudiar i vaig fer un gir de 180 graus a la meva carrera professional. Des de l&#8217;any 2019 dirigeixo Exuvia Quiropr\u00e0ctica, un espai creat amb molt\u00edssima il\u00b7lusi\u00f3 i pensat per oferir una cura quiropr\u00e0ctica espec\u00edfica i de qualitat al centre de Badalona.<\/p>\n<p>Treballo de manera multidisciplin\u00e0ria adaptant-me a les necessitats de cada persona. Darrere de cada t\u00e8cnica que utilitzo hi ha nombrosos seminaris postgraduaci\u00f3 i moltes hores de dedicaci\u00f3.<\/p>\n<p>Cada any atenc seminaris dins i fora d&#8217;Espanya que m&#8217;ajuden a cr\u00e9ixer com a persona i com a professional, assegurant-me que ofereixo una cura quiropr\u00e0ctica de qualitat amb els est\u00e0ndards m\u00e9s alts que ofereix la professi\u00f3.<\/p>\n<p><strong>S\u00f3c Membre 1463 de l&#8217;Associaci\u00f3 Espanyola de Quiropr\u00e0ctica i des de l&#8217;any 2022 tinc la Certificaci\u00f3 oficial en t\u00e8cnica\u00a0Thompson.<\/strong>[\/vc_column_text]<div class=\"clearboth\"><\/div><style>#thegem-divider-69d025252bb49 {margin-top: 60px !important;}<\/style><div id=\"thegem-divider-69d025252bb49\" class=\"gem-divider  \" style=\"\" ><\/div>[\/vc_column][\/vc_row][vc_row full_width=&#8221;stretch_row_content_no_spaces&#8221; equal_height=&#8221;yes&#8221; content_placement=&#8221;middle&#8221; css=&#8221;.vc_custom_1718622331493{margin-bottom: 0px !important;padding-bottom: 0px !important;}&#8221;][vc_column width=&#8221;1\/2&#8243; thegem_content_alignment=&#8221;center&#8221; background_position_desktop=&#8221;right center&#8221; css=&#8221;.vc_custom_1718958230172{background-image: url(https:\/\/exuvia.es\/wp-content\/uploads\/2024\/06\/Laura_def_3.jpg?id=31146) !important;background-position: center !important;background-repeat: no-repeat !important;background-size: cover !important;}&#8221; offset=&#8221;vc_col-lg-6 vc_col-md-12&#8243;]<div class=\"clearboth\"><\/div><style>#thegem-divider-69d025252bb6c {margin-top: 650px !important;}<\/style><div id=\"thegem-divider-69d025252bb6c\" class=\"gem-divider  \" style=\"\" ><\/div>[\/vc_column][vc_column width=&#8221;1\/2&#8243; thegem_content_alignment=&#8221;left&#8221; offset=&#8221;vc_col-lg-6 vc_col-md-12&#8243; css=&#8221;.vc_custom_1718618278187{padding-right: 85px !important;padding-left: 85px !important;background-color: #486e79 !important;}&#8221;][vc_column_text css=&#8221;&#8221;]<\/p>\n<h5><span style=\"color: #ffffff; text-transform: none;\">El meu objectiu \u00e9s ajudar-te a millorar, compartint amb tu tot el que he apr\u00e8s a la meva vida perqu\u00e8 tu puguis viure millor la teva.<\/span><\/h5>\n<p>[\/vc_column_text][\/vc_column][\/vc_row][vc_row][vc_column]<div class=\"clearboth\"><\/div><style>#thegem-divider-69d025252bb86 {margin-top: 40px !important;}<\/style><div id=\"thegem-divider-69d025252bb86\" class=\"gem-divider  \" style=\"\" ><\/div>[\/vc_column][\/vc_row][vc_row][vc_column offset=&#8221;vc_col-lg-12 vc_col-md-12&#8243;][vc_column_text css=&#8221;&#8221;]<\/p>\n<h2 class=\"title-h1\" style=\"text-align: center;\">Demana una cita<\/h2>\n<p>[\/vc_column_text]<div class=\"clearboth\"><\/div><style>#thegem-divider-69d025252bb9d {margin-top: 40px !important;}<\/style><div id=\"thegem-divider-69d025252bb9d\" class=\"gem-divider  \" style=\"\" ><\/div>\n<div class=\"wpcf7 no-js\" id=\"wpcf7-f31251-o1\" lang=\"ca\" dir=\"ltr\" data-wpcf7-id=\"31251\">\n<div class=\"screen-reader-response\"><p role=\"status\" aria-live=\"polite\" aria-atomic=\"true\"><\/p> <ul><\/ul><\/div>\n<form action=\"\/ca\/wp-json\/wp\/v2\/pages\/31262#wpcf7-f31251-o1\" method=\"post\" class=\"wpcf7-form init\" aria-label=\"Formulari de contacte\" novalidate=\"novalidate\" data-status=\"init\">\n<div style=\"display: none;\">\n<input type=\"hidden\" name=\"_wpcf7\" value=\"31251\" \/>\n<input type=\"hidden\" name=\"_wpcf7_version\" value=\"6.0.3\" \/>\n<input type=\"hidden\" name=\"_wpcf7_locale\" value=\"ca\" \/>\n<input type=\"hidden\" name=\"_wpcf7_unit_tag\" value=\"wpcf7-f31251-o1\" \/>\n<input type=\"hidden\" name=\"_wpcf7_container_post\" value=\"0\" \/>\n<input type=\"hidden\" name=\"_wpcf7_posted_data_hash\" value=\"\" \/>\n<\/div>\n<div class='form-sidebar'>\n<p><span class=\"wpcf7-form-control-wrap\" data-name=\"your-name\"><input size=\"40\" maxlength=\"400\" class=\"wpcf7-form-control wpcf7-text wpcf7-validates-as-required\" aria-required=\"true\" aria-invalid=\"false\" placeholder=\"Nom*\" value=\"\" type=\"text\" name=\"your-name\" \/><\/span><\/p>\n\n<p><span class=\"wpcf7-form-control-wrap\" data-name=\"your-email\"><input size=\"40\" maxlength=\"400\" class=\"wpcf7-form-control wpcf7-email wpcf7-validates-as-required wpcf7-text wpcf7-validates-as-email\" aria-required=\"true\" aria-invalid=\"false\" placeholder=\"Email*\" value=\"\" type=\"email\" name=\"your-email\" \/><\/span> <\/p>\n\n<p><span class=\"wpcf7-form-control-wrap\" data-name=\"your-message\"><textarea cols=\"40\" rows=\"6\" maxlength=\"2000\" class=\"wpcf7-form-control wpcf7-textarea wpcf7-validates-as-required\" aria-required=\"true\" aria-invalid=\"false\" placeholder=\"Missatje*\" name=\"your-message\"><\/textarea><\/span> <\/p>\n\n<input class=\"wpcf7-form-control wpcf7-submit has-spinner\" type=\"submit\" value=\"Enviar\" \/>\n<\/div><div class=\"wpcf7-response-output\" aria-hidden=\"true\"><\/div>\n<\/form>\n<\/div>\n<div class=\"clearboth\"><\/div><style>#thegem-divider-69d025252c218 {margin-top: 40px !important;}<\/style><div id=\"thegem-divider-69d025252c218\" class=\"gem-divider  \" style=\"\" ><\/div>[\/vc_column][\/vc_row]<\/p>\n<\/div>","protected":false},"excerpt":{"rendered":"<p>[vc_row full_width=&#8221;stretch_row_content_no_spaces&#8221; css=&#8221;.vc_custom_1456399684039{margin-bottom: 0px !important;}&#8221;][vc_column][\/vc_column][\/vc_row][vc_row][vc_column][vc_column_text css=&#8221;&#8221;] Qui s\u00f3c? [\/vc_column_text][vc_column_text css=&#8221;&#8221;]S\u00f3c la Laura. Vaig n\u00e9ixer a Badalona, \u200b\u200bciutat on resideixo actualment&#8230;<\/p>\n","protected":false},"author":1,"featured_media":0,"parent":0,"menu_order":0,"comment_status":"closed","ping_status":"closed","template":"","meta":{"footnotes":""},"class_list":["post-31262","page","type-page","status-publish"],"yoast_head":"<!-- This site is optimized with the Yoast SEO plugin v24.3 - https:\/\/yoast.com\/wordpress\/plugins\/seo\/ -->\n<title>Qui s\u00f3c? - Exuvia<\/title>\n<meta name=\"robots\" content=\"index, follow, max-snippet:-1, max-image-preview:large, max-video-preview:-1\" \/>\n<link rel=\"canonical\" href=\"https:\/\/exuvia.es\/ca\/qui-soc\/\" \/>\n<meta property=\"og:locale\" content=\"ca_ES\" \/>\n<meta property=\"og:type\" content=\"article\" \/>\n<meta property=\"og:title\" content=\"Qui s\u00f3c? - Exuvia\" \/>\n<meta property=\"og:description\" content=\"[vc_row full_width=&#8221;stretch_row_content_no_spaces&#8221; css=&#8221;.vc_custom_1456399684039{margin-bottom: 0px !important;}&#8221;][vc_column][\/vc_column][\/vc_row][vc_row][vc_column][vc_column_text css=&#8221;&#8221;] Qui s\u00f3c? [\/vc_column_text][vc_column_text css=&#8221;&#8221;]S\u00f3c la Laura. Vaig n\u00e9ixer a Badalona, \u200b\u200bciutat on resideixo actualment...\" \/>\n<meta property=\"og:url\" content=\"https:\/\/exuvia.es\/ca\/qui-soc\/\" \/>\n<meta property=\"og:site_name\" content=\"Exuvia\" \/>\n<meta property=\"article:modified_time\" content=\"2025-01-24T11:25:39+00:00\" \/>\n<meta name=\"twitter:card\" content=\"summary_large_image\" \/>\n<meta name=\"twitter:label1\" content=\"Temps estimat de lectura\" \/>\n\t<meta name=\"twitter:data1\" content=\"2 minuts\" \/>\n<script type=\"application\/ld+json\" class=\"yoast-schema-graph\">{\"@context\":\"https:\/\/schema.org\",\"@graph\":[{\"@type\":\"WebPage\",\"@id\":\"https:\/\/exuvia.es\/ca\/qui-soc\/\",\"url\":\"https:\/\/exuvia.es\/ca\/qui-soc\/\",\"name\":\"Qui s\u00f3c? - Exuvia\",\"isPartOf\":{\"@id\":\"https:\/\/exuvia.es\/ca\/#website\"},\"datePublished\":\"2024-06-17T09:59:01+00:00\",\"dateModified\":\"2025-01-24T11:25:39+00:00\",\"breadcrumb\":{\"@id\":\"https:\/\/exuvia.es\/ca\/qui-soc\/#breadcrumb\"},\"inLanguage\":\"ca\",\"potentialAction\":[{\"@type\":\"ReadAction\",\"target\":[\"https:\/\/exuvia.es\/ca\/qui-soc\/\"]}]},{\"@type\":\"BreadcrumbList\",\"@id\":\"https:\/\/exuvia.es\/ca\/qui-soc\/#breadcrumb\",\"itemListElement\":[{\"@type\":\"ListItem\",\"position\":1,\"name\":\"Portada\",\"item\":\"https:\/\/exuvia.es\/ca\/\"},{\"@type\":\"ListItem\",\"position\":2,\"name\":\"Qui s\u00f3c?\"}]},{\"@type\":\"WebSite\",\"@id\":\"https:\/\/exuvia.es\/ca\/#website\",\"url\":\"https:\/\/exuvia.es\/ca\/\",\"name\":\"Exuvia\",\"description\":\"Quiropr\u00e1ctica\",\"publisher\":{\"@id\":\"https:\/\/exuvia.es\/ca\/#organization\"},\"potentialAction\":[{\"@type\":\"SearchAction\",\"target\":{\"@type\":\"EntryPoint\",\"urlTemplate\":\"https:\/\/exuvia.es\/ca\/?s={search_term_string}\"},\"query-input\":{\"@type\":\"PropertyValueSpecification\",\"valueRequired\":true,\"valueName\":\"search_term_string\"}}],\"inLanguage\":\"ca\"},{\"@type\":\"Organization\",\"@id\":\"https:\/\/exuvia.es\/ca\/#organization\",\"name\":\"Exuvia\",\"url\":\"https:\/\/exuvia.es\/ca\/\",\"logo\":{\"@type\":\"ImageObject\",\"inLanguage\":\"ca\",\"@id\":\"https:\/\/exuvia.es\/ca\/#\/schema\/logo\/image\/\",\"url\":\"https:\/\/exuvia.es\/wp-content\/uploads\/2023\/09\/Logo.png\",\"contentUrl\":\"https:\/\/exuvia.es\/wp-content\/uploads\/2023\/09\/Logo.png\",\"width\":1422,\"height\":493,\"caption\":\"Exuvia\"},\"image\":{\"@id\":\"https:\/\/exuvia.es\/ca\/#\/schema\/logo\/image\/\"},\"sameAs\":[\"https:\/\/www.instagram.com\/exuvia_quiropractica\/\"]}]}<\/script>\n<!-- \/ Yoast SEO plugin. -->","yoast_head_json":{"title":"Qui s\u00f3c? - Exuvia","robots":{"index":"index","follow":"follow","max-snippet":"max-snippet:-1","max-image-preview":"max-image-preview:large","max-video-preview":"max-video-preview:-1"},"canonical":"https:\/\/exuvia.es\/ca\/qui-soc\/","og_locale":"ca_ES","og_type":"article","og_title":"Qui s\u00f3c? - Exuvia","og_description":"[vc_row full_width=&#8221;stretch_row_content_no_spaces&#8221; css=&#8221;.vc_custom_1456399684039{margin-bottom: 0px !important;}&#8221;][vc_column][\/vc_column][\/vc_row][vc_row][vc_column][vc_column_text css=&#8221;&#8221;] Qui s\u00f3c? [\/vc_column_text][vc_column_text css=&#8221;&#8221;]S\u00f3c la Laura. Vaig n\u00e9ixer a Badalona, \u200b\u200bciutat on resideixo actualment...","og_url":"https:\/\/exuvia.es\/ca\/qui-soc\/","og_site_name":"Exuvia","article_modified_time":"2025-01-24T11:25:39+00:00","twitter_card":"summary_large_image","twitter_misc":{"Temps estimat de lectura":"2 minuts"},"schema":{"@context":"https:\/\/schema.org","@graph":[{"@type":"WebPage","@id":"https:\/\/exuvia.es\/ca\/qui-soc\/","url":"https:\/\/exuvia.es\/ca\/qui-soc\/","name":"Qui s\u00f3c? - Exuvia","isPartOf":{"@id":"https:\/\/exuvia.es\/ca\/#website"},"datePublished":"2024-06-17T09:59:01+00:00","dateModified":"2025-01-24T11:25:39+00:00","breadcrumb":{"@id":"https:\/\/exuvia.es\/ca\/qui-soc\/#breadcrumb"},"inLanguage":"ca","potentialAction":[{"@type":"ReadAction","target":["https:\/\/exuvia.es\/ca\/qui-soc\/"]}]},{"@type":"BreadcrumbList","@id":"https:\/\/exuvia.es\/ca\/qui-soc\/#breadcrumb","itemListElement":[{"@type":"ListItem","position":1,"name":"Portada","item":"https:\/\/exuvia.es\/ca\/"},{"@type":"ListItem","position":2,"name":"Qui s\u00f3c?"}]},{"@type":"WebSite","@id":"https:\/\/exuvia.es\/ca\/#website","url":"https:\/\/exuvia.es\/ca\/","name":"Exuvia","description":"Quiropr\u00e1ctica","publisher":{"@id":"https:\/\/exuvia.es\/ca\/#organization"},"potentialAction":[{"@type":"SearchAction","target":{"@type":"EntryPoint","urlTemplate":"https:\/\/exuvia.es\/ca\/?s={search_term_string}"},"query-input":{"@type":"PropertyValueSpecification","valueRequired":true,"valueName":"search_term_string"}}],"inLanguage":"ca"},{"@type":"Organization","@id":"https:\/\/exuvia.es\/ca\/#organization","name":"Exuvia","url":"https:\/\/exuvia.es\/ca\/","logo":{"@type":"ImageObject","inLanguage":"ca","@id":"https:\/\/exuvia.es\/ca\/#\/schema\/logo\/image\/","url":"https:\/\/exuvia.es\/wp-content\/uploads\/2023\/09\/Logo.png","contentUrl":"https:\/\/exuvia.es\/wp-content\/uploads\/2023\/09\/Logo.png","width":1422,"height":493,"caption":"Exuvia"},"image":{"@id":"https:\/\/exuvia.es\/ca\/#\/schema\/logo\/image\/"},"sameAs":["https:\/\/www.instagram.com\/exuvia_quiropractica\/"]}]}},"_links":{"self":[{"href":"https:\/\/exuvia.es\/ca\/wp-json\/wp\/v2\/pages\/31262","targetHints":{"allow":["GET"]}}],"collection":[{"href":"https:\/\/exuvia.es\/ca\/wp-json\/wp\/v2\/pages"}],"about":[{"href":"https:\/\/exuvia.es\/ca\/wp-json\/wp\/v2\/types\/page"}],"author":[{"embeddable":true,"href":"https:\/\/exuvia.es\/ca\/wp-json\/wp\/v2\/users\/1"}],"replies":[{"embeddable":true,"href":"https:\/\/exuvia.es\/ca\/wp-json\/wp\/v2\/comments?post=31262"}],"version-history":[{"count":2,"href":"https:\/\/exuvia.es\/ca\/wp-json\/wp\/v2\/pages\/31262\/revisions"}],"predecessor-version":[{"id":31267,"href":"https:\/\/exuvia.es\/ca\/wp-json\/wp\/v2\/pages\/31262\/revisions\/31267"}],"wp:attachment":[{"href":"https:\/\/exuvia.es\/ca\/wp-json\/wp\/v2\/media?parent=31262"}],"curies":[{"name":"wp","href":"https:\/\/api.w.org\/{rel}","templated":true}]}}