{"id":31268,"date":"2021-05-04T14:15:50","date_gmt":"2021-05-04T14:15:50","guid":{"rendered":"https:\/\/exuvia.es\/politica-privacidad\/"},"modified":"2025-01-24T11:31:09","modified_gmt":"2025-01-24T11:31:09","slug":"politica-de-privadesa","status":"publish","type":"page","link":"https:\/\/exuvia.es\/ca\/politica-de-privadesa\/","title":{"rendered":"Pol\u00edtica de privadesa"},"content":{"rendered":"<div class=\"wpb-content-wrapper\"><p>[vc_row][vc_column][vc_column_text css=&#8221;&#8221;]<\/p>\r\n<h2 class=\"wp-block-heading\">QUI SOM<\/h2>\r\n<p>L&#8217;adre\u00e7a de la nostra web \u00e9s: https:\/\/exuvia.es<\/p>\r\n<h2 class=\"wp-block-heading\">COMENTARIS<\/h2>\r\n<p>Quan els visitants deixen comentaris a la web, recopilem les dades que es mostren al formulari de comentaris, aix\u00ed com l&#8217;adre\u00e7a IP del visitant i la cadena d&#8217;agents d&#8217;usuari del navegador per ajudar a la detecci\u00f3 d&#8217;spam.<\/p>\r\n<p>Una cadena an\u00f2nima creada a partir de la teva adre\u00e7a de correu electr\u00f2nic (tamb\u00e9 anomenada hash) pot ser proporcionada al servei de Gravatar per veure si l&#8217;est\u00e0s usant. La pol\u00edtica de privadesa del servei Gravatar est\u00e0 disponible aqu\u00ed: https:\/\/automattic.com\/privacy\/. Despr\u00e9s de l&#8217;aprovaci\u00f3 del vostre comentari, la imatge del vostre perfil \u00e9s visible per al p\u00fablic en el context del vostre comentari.<\/p>\r\n<h2 class=\"wp-block-heading\">MITJANS<\/h2>\r\n<p>Si puges imatges a la web, hauries d&#8217;evitar pujar imatges amb dades d&#8217;ubicaci\u00f3 (GPS EXIF) incloses. Els visitants de la web poden descarregar i extreure qualsevol dada dubicaci\u00f3 de les imatges de la web.<\/p>\r\n<h2 class=\"wp-block-heading\">COOKIES<\/h2>\r\n<p>Si deixes un comentari al nostre lloc pots triar desar el teu nom, adre\u00e7a de correu electr\u00f2nic i web a cookies. Aix\u00f2 \u00e9s per a la teva comoditat, perqu\u00e8 no hagis de tornar a emplenar les dades quan deixis un altre comentari. Aquestes galetes tindran una durada d&#8217;un any.<\/p>\r\n<p>Si tens un compte i et connectes a aquest lloc, instal\u00b7larem una galeta temporal per determinar si el teu navegador accepta galetes. Aquesta galeta no cont\u00e9 dades personals i s&#8217;elimina en tancar el navegador.<\/p>\r\n<p>Quan hi accedeixis, tamb\u00e9 instal\u00b7larem diverses galetes per desar la teva informaci\u00f3 d&#8217;acc\u00e9s i les teves opcions de visualitzaci\u00f3 de pantalla. Les galetes d&#8217;acc\u00e9s duren dos dies i les galetes d&#8217;opcions de pantalla duren un any. Si seleccioneu \u00abRecordar-me\u00bb, el vostre acc\u00e9s perdurar\u00e0 durant dues setmanes. Si surts del teu compte, les galetes d&#8217;acc\u00e9s s&#8217;eliminaran.<\/p>\r\n<p>Si edites o publiques un article es guardar\u00e0 una galeta addicional al teu navegador. Aquesta galeta no inclou dades personals i simplement indica l&#8217;ID de l&#8217;article que acabeu d&#8217;editar. Caduca despr\u00e9s d&#8217;un dia.<\/p>\r\n<h2 class=\"wp-block-heading\">CONTINGUT INCRUSTAT D&#8217;ALTRES LLOCS WEB<\/h2>\r\n<p>Els articles d&#8217;aquest lloc web poden incloure contingut incrustat (per exemple, v\u00eddeos, imatges, articles, etc.). El contingut incrustat d&#8217;altres webs es comporta exactament de la mateixa manera que si el visitant hagu\u00e9s visitat l&#8217;altra web.<\/p>\r\n<p>Aquestes webs poden recopilar dades sobre tu, utilitzar cookies, incrustar un seguiment addicional de tercers, i supervisar la teva interacci\u00f3 amb aquest contingut incrustat, incl\u00f2s el seguiment de la teva interacci\u00f3 amb el contingut incrustat si tens un compte i est\u00e0s connectat a aquest web.<\/p>\r\n<h2 class=\"wp-block-heading\">AMB QUI COMPARTIM LES TEVES DADES<\/h2>\r\n<p>Si sol\u00b7liciteu un restabliment de contrasenya, la vostra adre\u00e7a IP s&#8217;inclour\u00e0 al correu electr\u00f2nic de restabliment.<\/p>\r\n<h2 class=\"wp-block-heading\">QUANT TEMPS CONSERVEM LES TEVES DADES<\/h2>\r\n<p>Si deixeu un comentari, el comentari i les seves metadades es conserven indefinidament. Aix\u00f2 \u00e9s perqu\u00e8 puguem recon\u00e8ixer i aprovar comentaris successius autom\u00e0ticament, en lloc de mantenir-los en una cua de moderaci\u00f3.<\/p>\r\n<p>Dels usuaris que es registren a la nostra web (si n&#8217;hi ha), tamb\u00e9 emmagatzemem la informaci\u00f3 personal que proporcionen al vostre perfil d&#8217;usuari. Tots els usuaris poden veure, editar o eliminar la vostra informaci\u00f3 personal en qualsevol moment (excepte que no poden canviar el vostre nom d&#8217;usuari). Els administradors de la web tamb\u00e9 poden veure i editar aquesta informaci\u00f3.<\/p>\r\n<h2 class=\"wp-block-heading\">QUINS DRETS TENS SOBRE LES TEVES DADES<\/h2>\r\n<p>Si tens un compte o has deixat comentaris en aquesta web, pots sol\u00b7licitar rebre un fitxer d&#8217;exportaci\u00f3 de les dades personals que tenim sobre tu, incloent-hi qualsevol dada que ens hagis proporcionat. Tamb\u00e9 pots sol\u00b7licitar que eliminem qualsevol dada personal que tinguem sobre tu. Aix\u00f2 no inclou cap dada que estiguem obligats a conservar amb fins administratius, legals o de seguretat.<\/p>\r\n<h2 class=\"wp-block-heading\">ON S&#8217;ENVIEN LES TEVES DADES<\/h2>\r\n<p>Els comentaris dels visitants poden ser revisats per un servei de detecci\u00f3 autom\u00e0tica d&#8217;spam.<\/p>\r\n<p>[\/vc_column_text][\/vc_column][\/vc_row]<\/p><\/div>","protected":false},"excerpt":{"rendered":"<p>[vc_row][vc_column][vc_column_text css=&#8221;&#8221;] QUI SOM L&#8217;adre\u00e7a de la nostra web \u00e9s: https:\/\/exuvia.es COMENTARIS Quan els visitants deixen comentaris a la web,&#8230;<\/p>\n","protected":false},"author":1,"featured_media":0,"parent":0,"menu_order":0,"comment_status":"closed","ping_status":"open","template":"","meta":{"footnotes":""},"class_list":["post-31268","page","type-page","status-publish"],"yoast_head":"<!-- This site is optimized with the Yoast SEO plugin v24.3 - https:\/\/yoast.com\/wordpress\/plugins\/seo\/ -->\n<title>Pol\u00edtica de privadesa - Exuvia<\/title>\n<meta name=\"robots\" content=\"index, follow, max-snippet:-1, max-image-preview:large, max-video-preview:-1\" \/>\n<link rel=\"canonical\" href=\"https:\/\/exuvia.es\/ca\/politica-de-privadesa\/\" \/>\n<meta property=\"og:locale\" content=\"ca_ES\" \/>\n<meta property=\"og:type\" content=\"article\" \/>\n<meta property=\"og:title\" content=\"Pol\u00edtica de privadesa - Exuvia\" \/>\n<meta property=\"og:description\" content=\"[vc_row][vc_column][vc_column_text css=&#8221;&#8221;] QUI SOM L&#8217;adre\u00e7a de la nostra web \u00e9s: https:\/\/exuvia.es COMENTARIS Quan els visitants deixen comentaris a la web,...\" \/>\n<meta property=\"og:url\" content=\"https:\/\/exuvia.es\/ca\/politica-de-privadesa\/\" \/>\n<meta property=\"og:site_name\" content=\"Exuvia\" \/>\n<meta property=\"article:modified_time\" content=\"2025-01-24T11:31:09+00:00\" \/>\n<meta name=\"twitter:card\" content=\"summary_large_image\" \/>\n<meta name=\"twitter:label1\" content=\"Temps estimat de lectura\" \/>\n\t<meta name=\"twitter:data1\" content=\"3 minuts\" \/>\n<script type=\"application\/ld+json\" class=\"yoast-schema-graph\">{\"@context\":\"https:\/\/schema.org\",\"@graph\":[{\"@type\":\"WebPage\",\"@id\":\"https:\/\/exuvia.es\/ca\/politica-de-privadesa\/\",\"url\":\"https:\/\/exuvia.es\/ca\/politica-de-privadesa\/\",\"name\":\"Pol\u00edtica de privadesa - Exuvia\",\"isPartOf\":{\"@id\":\"https:\/\/exuvia.es\/ca\/#website\"},\"datePublished\":\"2021-05-04T14:15:50+00:00\",\"dateModified\":\"2025-01-24T11:31:09+00:00\",\"breadcrumb\":{\"@id\":\"https:\/\/exuvia.es\/ca\/politica-de-privadesa\/#breadcrumb\"},\"inLanguage\":\"ca\",\"potentialAction\":[{\"@type\":\"ReadAction\",\"target\":[\"https:\/\/exuvia.es\/ca\/politica-de-privadesa\/\"]}]},{\"@type\":\"BreadcrumbList\",\"@id\":\"https:\/\/exuvia.es\/ca\/politica-de-privadesa\/#breadcrumb\",\"itemListElement\":[{\"@type\":\"ListItem\",\"position\":1,\"name\":\"Portada\",\"item\":\"https:\/\/exuvia.es\/ca\/\"},{\"@type\":\"ListItem\",\"position\":2,\"name\":\"Pol\u00edtica de privadesa\"}]},{\"@type\":\"WebSite\",\"@id\":\"https:\/\/exuvia.es\/ca\/#website\",\"url\":\"https:\/\/exuvia.es\/ca\/\",\"name\":\"Exuvia\",\"description\":\"Quiropr\u00e1ctica\",\"publisher\":{\"@id\":\"https:\/\/exuvia.es\/ca\/#organization\"},\"potentialAction\":[{\"@type\":\"SearchAction\",\"target\":{\"@type\":\"EntryPoint\",\"urlTemplate\":\"https:\/\/exuvia.es\/ca\/?s={search_term_string}\"},\"query-input\":{\"@type\":\"PropertyValueSpecification\",\"valueRequired\":true,\"valueName\":\"search_term_string\"}}],\"inLanguage\":\"ca\"},{\"@type\":\"Organization\",\"@id\":\"https:\/\/exuvia.es\/ca\/#organization\",\"name\":\"Exuvia\",\"url\":\"https:\/\/exuvia.es\/ca\/\",\"logo\":{\"@type\":\"ImageObject\",\"inLanguage\":\"ca\",\"@id\":\"https:\/\/exuvia.es\/ca\/#\/schema\/logo\/image\/\",\"url\":\"https:\/\/exuvia.es\/wp-content\/uploads\/2023\/09\/Logo.png\",\"contentUrl\":\"https:\/\/exuvia.es\/wp-content\/uploads\/2023\/09\/Logo.png\",\"width\":1422,\"height\":493,\"caption\":\"Exuvia\"},\"image\":{\"@id\":\"https:\/\/exuvia.es\/ca\/#\/schema\/logo\/image\/\"},\"sameAs\":[\"https:\/\/www.instagram.com\/exuvia_quiropractica\/\"]}]}<\/script>\n<!-- \/ Yoast SEO plugin. -->","yoast_head_json":{"title":"Pol\u00edtica de privadesa - Exuvia","robots":{"index":"index","follow":"follow","max-snippet":"max-snippet:-1","max-image-preview":"max-image-preview:large","max-video-preview":"max-video-preview:-1"},"canonical":"https:\/\/exuvia.es\/ca\/politica-de-privadesa\/","og_locale":"ca_ES","og_type":"article","og_title":"Pol\u00edtica de privadesa - Exuvia","og_description":"[vc_row][vc_column][vc_column_text css=&#8221;&#8221;] QUI SOM L&#8217;adre\u00e7a de la nostra web \u00e9s: https:\/\/exuvia.es COMENTARIS Quan els visitants deixen comentaris a la web,...","og_url":"https:\/\/exuvia.es\/ca\/politica-de-privadesa\/","og_site_name":"Exuvia","article_modified_time":"2025-01-24T11:31:09+00:00","twitter_card":"summary_large_image","twitter_misc":{"Temps estimat de lectura":"3 minuts"},"schema":{"@context":"https:\/\/schema.org","@graph":[{"@type":"WebPage","@id":"https:\/\/exuvia.es\/ca\/politica-de-privadesa\/","url":"https:\/\/exuvia.es\/ca\/politica-de-privadesa\/","name":"Pol\u00edtica de privadesa - Exuvia","isPartOf":{"@id":"https:\/\/exuvia.es\/ca\/#website"},"datePublished":"2021-05-04T14:15:50+00:00","dateModified":"2025-01-24T11:31:09+00:00","breadcrumb":{"@id":"https:\/\/exuvia.es\/ca\/politica-de-privadesa\/#breadcrumb"},"inLanguage":"ca","potentialAction":[{"@type":"ReadAction","target":["https:\/\/exuvia.es\/ca\/politica-de-privadesa\/"]}]},{"@type":"BreadcrumbList","@id":"https:\/\/exuvia.es\/ca\/politica-de-privadesa\/#breadcrumb","itemListElement":[{"@type":"ListItem","position":1,"name":"Portada","item":"https:\/\/exuvia.es\/ca\/"},{"@type":"ListItem","position":2,"name":"Pol\u00edtica de privadesa"}]},{"@type":"WebSite","@id":"https:\/\/exuvia.es\/ca\/#website","url":"https:\/\/exuvia.es\/ca\/","name":"Exuvia","description":"Quiropr\u00e1ctica","publisher":{"@id":"https:\/\/exuvia.es\/ca\/#organization"},"potentialAction":[{"@type":"SearchAction","target":{"@type":"EntryPoint","urlTemplate":"https:\/\/exuvia.es\/ca\/?s={search_term_string}"},"query-input":{"@type":"PropertyValueSpecification","valueRequired":true,"valueName":"search_term_string"}}],"inLanguage":"ca"},{"@type":"Organization","@id":"https:\/\/exuvia.es\/ca\/#organization","name":"Exuvia","url":"https:\/\/exuvia.es\/ca\/","logo":{"@type":"ImageObject","inLanguage":"ca","@id":"https:\/\/exuvia.es\/ca\/#\/schema\/logo\/image\/","url":"https:\/\/exuvia.es\/wp-content\/uploads\/2023\/09\/Logo.png","contentUrl":"https:\/\/exuvia.es\/wp-content\/uploads\/2023\/09\/Logo.png","width":1422,"height":493,"caption":"Exuvia"},"image":{"@id":"https:\/\/exuvia.es\/ca\/#\/schema\/logo\/image\/"},"sameAs":["https:\/\/www.instagram.com\/exuvia_quiropractica\/"]}]}},"_links":{"self":[{"href":"https:\/\/exuvia.es\/ca\/wp-json\/wp\/v2\/pages\/31268","targetHints":{"allow":["GET"]}}],"collection":[{"href":"https:\/\/exuvia.es\/ca\/wp-json\/wp\/v2\/pages"}],"about":[{"href":"https:\/\/exuvia.es\/ca\/wp-json\/wp\/v2\/types\/page"}],"author":[{"embeddable":true,"href":"https:\/\/exuvia.es\/ca\/wp-json\/wp\/v2\/users\/1"}],"replies":[{"embeddable":true,"href":"https:\/\/exuvia.es\/ca\/wp-json\/wp\/v2\/comments?post=31268"}],"version-history":[{"count":3,"href":"https:\/\/exuvia.es\/ca\/wp-json\/wp\/v2\/pages\/31268\/revisions"}],"predecessor-version":[{"id":31271,"href":"https:\/\/exuvia.es\/ca\/wp-json\/wp\/v2\/pages\/31268\/revisions\/31271"}],"wp:attachment":[{"href":"https:\/\/exuvia.es\/ca\/wp-json\/wp\/v2\/media?parent=31268"}],"curies":[{"name":"wp","href":"https:\/\/api.w.org\/{rel}","templated":true}]}}