{"id":31272,"date":"2016-02-25T11:09:01","date_gmt":"2016-02-25T11:09:01","guid":{"rendered":"https:\/\/exuvia.es\/que-es-la-quiropractica\/"},"modified":"2025-01-24T11:38:06","modified_gmt":"2025-01-24T11:38:06","slug":"que-es-la-quiropractica","status":"publish","type":"page","link":"https:\/\/exuvia.es\/ca\/que-es-la-quiropractica\/","title":{"rendered":"Qu\u00e8 \u00e9s la Quiropractica?"},"content":{"rendered":"<div class=\"wpb-content-wrapper\"><p>[vc_row full_width=&#8221;stretch_row_content_no_spaces&#8221; css=&#8221;.vc_custom_1456399684039{margin-bottom: 0px !important;}&#8221;][vc_column]<div class=\"clearboth\"><\/div><style>#thegem-divider-69d4c9e37561b {margin-top: -17px !important;}#thegem-divider-69d4c9e37561b {margin-bottom: 115px !important;}<\/style><div id=\"thegem-divider-69d4c9e37561b\" class=\"gem-divider  \" style=\"\" ><\/div>[\/vc_column][\/vc_row][vc_row][vc_column][vc_column_text css=&#8221;&#8221;]<\/p>\n<h2><span style=\"color: #486e79;\">Qu\u00e8 \u00e9s la Quiropractica?<\/span><\/h2>\n<p>[\/vc_column_text]<div class=\"clearboth\"><\/div><style>#thegem-divider-69d4c9e37565b {margin-top: 60px !important;}<\/style><div id=\"thegem-divider-69d4c9e37565b\" class=\"gem-divider  \" style=\"\" ><\/div>[\/vc_column][\/vc_row][vc_row][vc_column][vc_column_text css=&#8221;&#8221;]Quan el cos se sotmet a episodis d&#8217;estr\u00e8s continu (dolentes postures, manca d&#8217;hidrataci\u00f3, treball, fam\u00edlia, dormir malament, menjar malament, etc.), o s&#8217;enfronta amb algun episodi d&#8217;estr\u00e8s agut profund, s&#8217;activen respostes adaptatives que incrementen la activitat del sistema nervi\u00f3s, produint-se un desgast f\u00edsic i emocional molt gran.<\/p>\n<p>Si no aconseguim gestionar efica\u00e7ment aquest estr\u00e8s, el cos se sobrecarrega i poden apar\u00e8ixer dolors, cansament, irritabilitat o algun tipus de dolor o malestar general que ens posa en alerta perqu\u00e8 portem la nostra atenci\u00f3 cap al que est\u00e0 passant dins nostre. No fer cas a aquests senyals pot tenir conseq\u00fc\u00e8ncies nefastes ja que al cos tot est\u00e0 relacionat i els efectes de l&#8217;estr\u00e8s s\u00f3n acumulatius.<\/p>\n<p>Qualsevol tipus d&#8217;estr\u00e8s, sigui d&#8217;origen f\u00edsic, qu\u00edmic o emocional, t\u00e9 un impacte directe sobre el nostre sistema nervi\u00f3s que, juntament amb el sistema endocr\u00ed, regula totes les funcions de l&#8217;organisme.<\/p>\n<p>La cura quiropr\u00e0ctica ofereix una alternativa natural a l&#8217;\u00fas de medicaments per a la promoci\u00f3 de la salut en els moments en qu\u00e8 el cos ha perdut l&#8217;equilibri a causa d&#8217;una acumulaci\u00f3 d&#8217;estr\u00e8s. En alliberar la pressi\u00f3 sobre els nervis a la columna vertebral, es millora la mobilitat articular, es redueix la tensi\u00f3, es restaura el flux d&#8217;energia i es promouen estats d&#8217;equilibri i el benestar que preparen el cos per enfrontar-se millor a les situacions quotidianes que ho desgasten.<\/p>\n<p>La quiropr\u00e0ctica ens ajuda a viure de manera m\u00e9s conscient, ajudant-nos a ser m\u00e9s intu\u00eftius i ensenyant-nos a escoltar el di\u00e0leg intern del nostre cos.[\/vc_column_text]<div class=\"clearboth\"><\/div><style>#thegem-divider-69d4c9e37567f {margin-top: 60px !important;}<\/style><div id=\"thegem-divider-69d4c9e37567f\" class=\"gem-divider  \" style=\"\" ><\/div>[\/vc_column][\/vc_row][vc_row full_width=&#8221;stretch_row_content&#8221; css=&#8221;.vc_custom_1718962954627{margin-bottom: 0px !important;padding-bottom: 0px !important;}&#8221;][vc_column css=&#8221;.vc_custom_1718962575267{background-color: #486e79 !important;}&#8221;][vc_single_image image=&#8221;31167&#8243; img_size=&#8221;900&#215;675&#8243; alignment=&#8221;center&#8221; css=&#8221;&#8221;][\/vc_column][\/vc_row][vc_row full_width=&#8221;stretch_row_content_no_spaces&#8221; equal_height=&#8221;yes&#8221; content_placement=&#8221;middle&#8221; css=&#8221;.vc_custom_1718962967692{margin-top: 0px !important;margin-bottom: 0px !important;padding-top: 0px !important;padding-bottom: 0px !important;}&#8221;][vc_column width=&#8221;1\/2&#8243; thegem_content_alignment=&#8221;right&#8221; css=&#8221;.vc_custom_1718621668222{padding-right: -200px !important;background-image: url(https:\/\/exuvia.es\/wp-content\/uploads\/2023\/09\/Cervical_.jpg?id=30598) !important;background-position: center !important;background-repeat: no-repeat !important;background-size: cover !important;}&#8221; offset=&#8221;vc_col-lg-6 vc_col-md-12&#8243;]<div class=\"clearboth\"><\/div><style>#thegem-divider-69d4c9e37569c {margin-top: 650px !important;}<\/style><div id=\"thegem-divider-69d4c9e37569c\" class=\"gem-divider  \" style=\"\" ><\/div>[\/vc_column][vc_column width=&#8221;1\/2&#8243; thegem_content_alignment=&#8221;left&#8221; offset=&#8221;vc_col-lg-6 vc_col-md-12&#8243; css=&#8221;.vc_custom_1718958958608{padding-right: 85px !important;padding-left: 40px !important;background-color: #ededed !important;}&#8221;][vc_column_text css=&#8221;&#8221;]Els quiropr\u00e0ctics fem servir l&#8217;ajust vertebral per millorar la funci\u00f3 neuromuscular i restablir el moviment natural de les articulacions. Aquest proc\u00e9s implica l&#8217;aplicaci\u00f3 d&#8217;un est\u00edmul controlat i espec\u00edfic en v\u00e8rtebres o teixits que presenten restriccions a la mobilitat habitual.<\/p>\n<p>L&#8217;ajust quiropr\u00e0ctic t\u00e9 com a objectiu reduir la pressi\u00f3 sobre els nervis, restaurar el flux d&#8217;energia i fomentar la capacitat autocurativa del cos.<\/p>\n<p>\u00c9s important destacar que els quiropr\u00e0ctics utilitzem t\u00e8cniques particulars i ajustaments personalitzats segons les necessitats individuals de cada persona, recolzats per una formaci\u00f3 especialitzada.<\/p>\n<p>Hi ha diverses t\u00e8cniques d&#8217;ajust quiropr\u00e0ctic. La majoria s\u00f3n aplicables a qualsevol persona, mentre que algunes estan dissenyades per a situacions concretes com l&#8217;embar\u00e0s o la inf\u00e0ncia. Aquestes t\u00e8cniques es poden fer manualment o amb l&#8217;ajuda de lliteres especials i dispositius mec\u00e0nics com l&#8217;Activador.<\/p>\n<p>El m\u00e9s important a l&#8217;hora de determinar la manera d&#8217;ajustar una persona \u00e9s considerar-la totalment, tenint en compte la seva edat, la seva condici\u00f3 f\u00edsica i les seves prefer\u00e8ncies ja que cada persona \u00e9s \u00fanica i per tant, cada ajustament tamb\u00e9 ho \u00e9s.[\/vc_column_text][\/vc_column][\/vc_row][vc_row full_width=&#8221;stretch_row_content_no_spaces&#8221; equal_height=&#8221;yes&#8221; content_placement=&#8221;middle&#8221; css=&#8221;.vc_custom_1718621420392{margin-top: 0px !important;margin-bottom: 0px !important;padding-top: 0px !important;padding-bottom: 0px !important;}&#8221;][vc_column width=&#8221;1\/2&#8243; offset=&#8221;vc_col-lg-6 vc_col-md-12&#8243; css=&#8221;.vc_custom_1716553253702{padding-right: 85px !important;padding-left: 85px !important;background-color: #96afb7 !important;}&#8221;]<div class=\"clearboth\"><\/div><style>#thegem-divider-69d4c9e3756b5 {margin-top: 40px !important;}<\/style><div id=\"thegem-divider-69d4c9e3756b5\" class=\"gem-divider  \" style=\"\" ><\/div>[vc_column_text css=&#8221;&#8221;]<\/p>\n<h2 style=\"text-align: left;\"><span style=\"color: #ffffff;\">Beneficis de la quiropr\u00e0ctica<\/span><\/h2>\n<p><span style=\"color: #ffffff;\">\u2022Entre els beneficis m\u00e9s notables s&#8217;inclouen:<\/span><\/p>\n<p><span style=\"color: #ffffff;\">\u2022Millora la postura<\/span><\/p>\n<p><span style=\"color: #ffffff;\">\u2022Millora la funci\u00f3 del sistema nervi\u00f3s<\/span><\/p>\n<p><span style=\"color: #ffffff;\">\u2022Promou el descans i la relaxaci\u00f3<\/span><\/p>\n<p><span style=\"color: #ffffff;\">\u2022Incrementa la mobilitat i flexibilitat de les articulacions<\/span><\/p>\n<p><span style=\"color: #ffffff;\">\u2022Disminueix la tensi\u00f3 muscular i el risc de lesions<\/span><\/p>\n<p><span style=\"color: #ffffff;\">\u2022Ajuda a equilibrar la regi\u00f3 lumbop\u00e8lvica durant l&#8217;embar\u00e0s<\/span>[\/vc_column_text]<div class=\"clearboth\"><\/div><style>#thegem-divider-69d4c9e3756ce {margin-top: 40px !important;}<\/style><div id=\"thegem-divider-69d4c9e3756ce\" class=\"gem-divider  \" style=\"\" ><\/div>[\/vc_column][vc_column width=&#8221;1\/2&#8243; thegem_content_alignment=&#8221;center&#8221; css=&#8221;.vc_custom_1718621265234{background-image: url(https:\/\/exuvia.es\/wp-content\/uploads\/2024\/06\/J9I3875-copia_.jpg?id=31175) !important;background-position: center !important;background-repeat: no-repeat !important;background-size: cover !important;}&#8221; offset=&#8221;vc_col-lg-6 vc_col-md-12&#8243;]<div class=\"clearboth\"><\/div><style>#thegem-divider-69d4c9e3756e4 {margin-top: 650px !important;}<\/style><div id=\"thegem-divider-69d4c9e3756e4\" class=\"gem-divider  \" style=\"\" ><\/div>[\/vc_column][\/vc_row][vc_row full_width=&#8221;stretch_row_content_no_spaces&#8221; equal_height=&#8221;yes&#8221; content_placement=&#8221;middle&#8221; css=&#8221;.vc_custom_1718621429280{margin-top: 0px !important;padding-top: 0px !important;}&#8221;][vc_column width=&#8221;1\/2&#8243; offset=&#8221;vc_col-lg-6 vc_col-md-12&#8243; css=&#8221;.vc_custom_1718959701358{background-image: url(https:\/\/exuvia.es\/wp-content\/uploads\/2024\/06\/Activador.jpg?id=31204) !important;background-position: center !important;background-repeat: no-repeat !important;background-size: cover !important;}&#8221;]<div class=\"clearboth\"><\/div><style>#thegem-divider-69d4c9e3756f9 {margin-top: 650px !important;}<\/style><div id=\"thegem-divider-69d4c9e3756f9\" class=\"gem-divider  \" style=\"\" ><\/div>[\/vc_column][vc_column width=&#8221;1\/2&#8243; thegem_content_alignment=&#8221;center&#8221; css=&#8221;.vc_custom_1718959818823{background-color: #ffffff !important;background-position: center !important;background-repeat: no-repeat !important;background-size: cover !important;}&#8221; offset=&#8221;vc_col-lg-6 vc_col-md-12&#8243;][vc_column_text css=&#8221;.vc_custom_1737718662442{padding-right: 85px !important;padding-left: 85px !important;}&#8221;]<\/p>\n<h2 style=\"text-align: left;\"><span style=\"color: #486e79;\">El m\u00e8tode Activador<\/span><\/h2>\n<p style=\"text-align: left;\"><span style=\"color: #486e79;\">Com funciona?<\/span><\/p>\n<p style=\"text-align: left;\"><span style=\"color: #486e79;\">L&#8217;Activador proveeix un impuls r\u00e0pid i controlat que \u00e9s confortable per a la persona. De fet, els ajustaments s\u00f3n tan r\u00e0pids, que \u00e9s menys probable que la musculatura presenti resist\u00e8ncia, cosa que permet un ajustament m\u00e9s prec\u00eds.<\/span><\/p>\n<p style=\"text-align: left;\"><span style=\"color: #486e79;\">Pacients de totes les edats poden gaudir dels beneficis dun ajustament amb Activador. L&#8217;impuls de baixa for\u00e7a i l&#8217;habilitat del quiropr\u00e0ctic poden ajudar a alleujar dolors i bloquejos de forma molt segura.<\/span><\/p>\n<p>[\/vc_column_text][\/vc_column][\/vc_row][vc_row][vc_column]<div class=\"clearboth\"><\/div><style>#thegem-divider-69d4c9e37570d {margin-top: 40px !important;}<\/style><div id=\"thegem-divider-69d4c9e37570d\" class=\"gem-divider  \" style=\"\" ><\/div>[\/vc_column][\/vc_row][vc_row][vc_column offset=&#8221;vc_col-lg-12 vc_col-md-12&#8243;][vc_column_text css=&#8221;&#8221;]<\/p>\n<h2 class=\"title-h1\" style=\"text-align: center;\">Demana una cita<\/h2>\n<p>[\/vc_column_text]<div class=\"clearboth\"><\/div><style>#thegem-divider-69d4c9e375720 {margin-top: 40px !important;}<\/style><div id=\"thegem-divider-69d4c9e375720\" class=\"gem-divider  \" style=\"\" ><\/div>\n<div class=\"wpcf7 no-js\" id=\"wpcf7-f31251-o1\" lang=\"ca\" dir=\"ltr\" data-wpcf7-id=\"31251\">\n<div class=\"screen-reader-response\"><p role=\"status\" aria-live=\"polite\" aria-atomic=\"true\"><\/p> <ul><\/ul><\/div>\n<form action=\"\/ca\/wp-json\/wp\/v2\/pages\/31272#wpcf7-f31251-o1\" method=\"post\" class=\"wpcf7-form init\" aria-label=\"Formulari de contacte\" novalidate=\"novalidate\" data-status=\"init\">\n<div style=\"display: none;\">\n<input type=\"hidden\" name=\"_wpcf7\" value=\"31251\" \/>\n<input type=\"hidden\" name=\"_wpcf7_version\" value=\"6.0.3\" \/>\n<input type=\"hidden\" name=\"_wpcf7_locale\" value=\"ca\" \/>\n<input type=\"hidden\" name=\"_wpcf7_unit_tag\" value=\"wpcf7-f31251-o1\" \/>\n<input type=\"hidden\" name=\"_wpcf7_container_post\" value=\"0\" \/>\n<input type=\"hidden\" name=\"_wpcf7_posted_data_hash\" value=\"\" \/>\n<\/div>\n<div class='form-sidebar'>\n<p><span class=\"wpcf7-form-control-wrap\" data-name=\"your-name\"><input size=\"40\" maxlength=\"400\" class=\"wpcf7-form-control wpcf7-text wpcf7-validates-as-required\" aria-required=\"true\" aria-invalid=\"false\" placeholder=\"Nom*\" value=\"\" type=\"text\" name=\"your-name\" \/><\/span><\/p>\n\n<p><span class=\"wpcf7-form-control-wrap\" data-name=\"your-email\"><input size=\"40\" maxlength=\"400\" class=\"wpcf7-form-control wpcf7-email wpcf7-validates-as-required wpcf7-text wpcf7-validates-as-email\" aria-required=\"true\" aria-invalid=\"false\" placeholder=\"Email*\" value=\"\" type=\"email\" name=\"your-email\" \/><\/span> <\/p>\n\n<p><span class=\"wpcf7-form-control-wrap\" data-name=\"your-message\"><textarea cols=\"40\" rows=\"6\" maxlength=\"2000\" class=\"wpcf7-form-control wpcf7-textarea wpcf7-validates-as-required\" aria-required=\"true\" aria-invalid=\"false\" placeholder=\"Missatje*\" name=\"your-message\"><\/textarea><\/span> <\/p>\n\n<input class=\"wpcf7-form-control wpcf7-submit has-spinner\" type=\"submit\" value=\"Enviar\" \/>\n<\/div><div class=\"wpcf7-response-output\" aria-hidden=\"true\"><\/div>\n<\/form>\n<\/div>\n<div class=\"clearboth\"><\/div><style>#thegem-divider-69d4c9e375ec2 {margin-top: 40px !important;}<\/style><div id=\"thegem-divider-69d4c9e375ec2\" class=\"gem-divider  \" style=\"\" ><\/div>[\/vc_column][\/vc_row]<\/p>\n<\/div>","protected":false},"excerpt":{"rendered":"<p>[vc_row full_width=&#8221;stretch_row_content_no_spaces&#8221; css=&#8221;.vc_custom_1456399684039{margin-bottom: 0px !important;}&#8221;][vc_column][\/vc_column][\/vc_row][vc_row][vc_column][vc_column_text css=&#8221;&#8221;] Qu\u00e8 \u00e9s la Quiropractica? [\/vc_column_text][\/vc_column][\/vc_row][vc_row][vc_column][vc_column_text css=&#8221;&#8221;]Quan el cos se sotmet a episodis d&#8217;estr\u00e8s continu&#8230;<\/p>\n","protected":false},"author":1,"featured_media":0,"parent":0,"menu_order":0,"comment_status":"closed","ping_status":"closed","template":"","meta":{"footnotes":""},"class_list":["post-31272","page","type-page","status-publish"],"yoast_head":"<!-- This site is optimized with the Yoast SEO plugin v24.3 - https:\/\/yoast.com\/wordpress\/plugins\/seo\/ -->\n<title>Qu\u00e8 \u00e9s la Quiropractica? - Exuvia<\/title>\n<meta name=\"robots\" content=\"index, follow, max-snippet:-1, max-image-preview:large, max-video-preview:-1\" \/>\n<link rel=\"canonical\" href=\"https:\/\/exuvia.es\/ca\/que-es-la-quiropractica\/\" \/>\n<meta property=\"og:locale\" content=\"ca_ES\" \/>\n<meta property=\"og:type\" content=\"article\" \/>\n<meta property=\"og:title\" content=\"Qu\u00e8 \u00e9s la Quiropractica? - Exuvia\" \/>\n<meta property=\"og:description\" content=\"[vc_row full_width=&#8221;stretch_row_content_no_spaces&#8221; css=&#8221;.vc_custom_1456399684039{margin-bottom: 0px !important;}&#8221;][vc_column][\/vc_column][\/vc_row][vc_row][vc_column][vc_column_text css=&#8221;&#8221;] Qu\u00e8 \u00e9s la Quiropractica? [\/vc_column_text][\/vc_column][\/vc_row][vc_row][vc_column][vc_column_text css=&#8221;&#8221;]Quan el cos se sotmet a episodis d&#8217;estr\u00e8s continu...\" \/>\n<meta property=\"og:url\" content=\"https:\/\/exuvia.es\/ca\/que-es-la-quiropractica\/\" \/>\n<meta property=\"og:site_name\" content=\"Exuvia\" \/>\n<meta property=\"article:modified_time\" content=\"2025-01-24T11:38:06+00:00\" \/>\n<meta name=\"twitter:card\" content=\"summary_large_image\" \/>\n<meta name=\"twitter:label1\" content=\"Temps estimat de lectura\" \/>\n\t<meta name=\"twitter:data1\" content=\"4 minuts\" \/>\n<script type=\"application\/ld+json\" class=\"yoast-schema-graph\">{\"@context\":\"https:\/\/schema.org\",\"@graph\":[{\"@type\":\"WebPage\",\"@id\":\"https:\/\/exuvia.es\/ca\/que-es-la-quiropractica\/\",\"url\":\"https:\/\/exuvia.es\/ca\/que-es-la-quiropractica\/\",\"name\":\"Qu\u00e8 \u00e9s la Quiropractica? - Exuvia\",\"isPartOf\":{\"@id\":\"https:\/\/exuvia.es\/ca\/#website\"},\"datePublished\":\"2016-02-25T11:09:01+00:00\",\"dateModified\":\"2025-01-24T11:38:06+00:00\",\"breadcrumb\":{\"@id\":\"https:\/\/exuvia.es\/ca\/que-es-la-quiropractica\/#breadcrumb\"},\"inLanguage\":\"ca\",\"potentialAction\":[{\"@type\":\"ReadAction\",\"target\":[\"https:\/\/exuvia.es\/ca\/que-es-la-quiropractica\/\"]}]},{\"@type\":\"BreadcrumbList\",\"@id\":\"https:\/\/exuvia.es\/ca\/que-es-la-quiropractica\/#breadcrumb\",\"itemListElement\":[{\"@type\":\"ListItem\",\"position\":1,\"name\":\"Portada\",\"item\":\"https:\/\/exuvia.es\/ca\/\"},{\"@type\":\"ListItem\",\"position\":2,\"name\":\"Qu\u00e8 \u00e9s la Quiropractica?\"}]},{\"@type\":\"WebSite\",\"@id\":\"https:\/\/exuvia.es\/ca\/#website\",\"url\":\"https:\/\/exuvia.es\/ca\/\",\"name\":\"Exuvia\",\"description\":\"Quiropr\u00e1ctica\",\"publisher\":{\"@id\":\"https:\/\/exuvia.es\/ca\/#organization\"},\"potentialAction\":[{\"@type\":\"SearchAction\",\"target\":{\"@type\":\"EntryPoint\",\"urlTemplate\":\"https:\/\/exuvia.es\/ca\/?s={search_term_string}\"},\"query-input\":{\"@type\":\"PropertyValueSpecification\",\"valueRequired\":true,\"valueName\":\"search_term_string\"}}],\"inLanguage\":\"ca\"},{\"@type\":\"Organization\",\"@id\":\"https:\/\/exuvia.es\/ca\/#organization\",\"name\":\"Exuvia\",\"url\":\"https:\/\/exuvia.es\/ca\/\",\"logo\":{\"@type\":\"ImageObject\",\"inLanguage\":\"ca\",\"@id\":\"https:\/\/exuvia.es\/ca\/#\/schema\/logo\/image\/\",\"url\":\"https:\/\/exuvia.es\/wp-content\/uploads\/2023\/09\/Logo.png\",\"contentUrl\":\"https:\/\/exuvia.es\/wp-content\/uploads\/2023\/09\/Logo.png\",\"width\":1422,\"height\":493,\"caption\":\"Exuvia\"},\"image\":{\"@id\":\"https:\/\/exuvia.es\/ca\/#\/schema\/logo\/image\/\"},\"sameAs\":[\"https:\/\/www.instagram.com\/exuvia_quiropractica\/\"]}]}<\/script>\n<!-- \/ Yoast SEO plugin. -->","yoast_head_json":{"title":"Qu\u00e8 \u00e9s la Quiropractica? - Exuvia","robots":{"index":"index","follow":"follow","max-snippet":"max-snippet:-1","max-image-preview":"max-image-preview:large","max-video-preview":"max-video-preview:-1"},"canonical":"https:\/\/exuvia.es\/ca\/que-es-la-quiropractica\/","og_locale":"ca_ES","og_type":"article","og_title":"Qu\u00e8 \u00e9s la Quiropractica? - Exuvia","og_description":"[vc_row full_width=&#8221;stretch_row_content_no_spaces&#8221; css=&#8221;.vc_custom_1456399684039{margin-bottom: 0px !important;}&#8221;][vc_column][\/vc_column][\/vc_row][vc_row][vc_column][vc_column_text css=&#8221;&#8221;] Qu\u00e8 \u00e9s la Quiropractica? [\/vc_column_text][\/vc_column][\/vc_row][vc_row][vc_column][vc_column_text css=&#8221;&#8221;]Quan el cos se sotmet a episodis d&#8217;estr\u00e8s continu...","og_url":"https:\/\/exuvia.es\/ca\/que-es-la-quiropractica\/","og_site_name":"Exuvia","article_modified_time":"2025-01-24T11:38:06+00:00","twitter_card":"summary_large_image","twitter_misc":{"Temps estimat de lectura":"4 minuts"},"schema":{"@context":"https:\/\/schema.org","@graph":[{"@type":"WebPage","@id":"https:\/\/exuvia.es\/ca\/que-es-la-quiropractica\/","url":"https:\/\/exuvia.es\/ca\/que-es-la-quiropractica\/","name":"Qu\u00e8 \u00e9s la Quiropractica? - Exuvia","isPartOf":{"@id":"https:\/\/exuvia.es\/ca\/#website"},"datePublished":"2016-02-25T11:09:01+00:00","dateModified":"2025-01-24T11:38:06+00:00","breadcrumb":{"@id":"https:\/\/exuvia.es\/ca\/que-es-la-quiropractica\/#breadcrumb"},"inLanguage":"ca","potentialAction":[{"@type":"ReadAction","target":["https:\/\/exuvia.es\/ca\/que-es-la-quiropractica\/"]}]},{"@type":"BreadcrumbList","@id":"https:\/\/exuvia.es\/ca\/que-es-la-quiropractica\/#breadcrumb","itemListElement":[{"@type":"ListItem","position":1,"name":"Portada","item":"https:\/\/exuvia.es\/ca\/"},{"@type":"ListItem","position":2,"name":"Qu\u00e8 \u00e9s la Quiropractica?"}]},{"@type":"WebSite","@id":"https:\/\/exuvia.es\/ca\/#website","url":"https:\/\/exuvia.es\/ca\/","name":"Exuvia","description":"Quiropr\u00e1ctica","publisher":{"@id":"https:\/\/exuvia.es\/ca\/#organization"},"potentialAction":[{"@type":"SearchAction","target":{"@type":"EntryPoint","urlTemplate":"https:\/\/exuvia.es\/ca\/?s={search_term_string}"},"query-input":{"@type":"PropertyValueSpecification","valueRequired":true,"valueName":"search_term_string"}}],"inLanguage":"ca"},{"@type":"Organization","@id":"https:\/\/exuvia.es\/ca\/#organization","name":"Exuvia","url":"https:\/\/exuvia.es\/ca\/","logo":{"@type":"ImageObject","inLanguage":"ca","@id":"https:\/\/exuvia.es\/ca\/#\/schema\/logo\/image\/","url":"https:\/\/exuvia.es\/wp-content\/uploads\/2023\/09\/Logo.png","contentUrl":"https:\/\/exuvia.es\/wp-content\/uploads\/2023\/09\/Logo.png","width":1422,"height":493,"caption":"Exuvia"},"image":{"@id":"https:\/\/exuvia.es\/ca\/#\/schema\/logo\/image\/"},"sameAs":["https:\/\/www.instagram.com\/exuvia_quiropractica\/"]}]}},"_links":{"self":[{"href":"https:\/\/exuvia.es\/ca\/wp-json\/wp\/v2\/pages\/31272","targetHints":{"allow":["GET"]}}],"collection":[{"href":"https:\/\/exuvia.es\/ca\/wp-json\/wp\/v2\/pages"}],"about":[{"href":"https:\/\/exuvia.es\/ca\/wp-json\/wp\/v2\/types\/page"}],"author":[{"embeddable":true,"href":"https:\/\/exuvia.es\/ca\/wp-json\/wp\/v2\/users\/1"}],"replies":[{"embeddable":true,"href":"https:\/\/exuvia.es\/ca\/wp-json\/wp\/v2\/comments?post=31272"}],"version-history":[{"count":2,"href":"https:\/\/exuvia.es\/ca\/wp-json\/wp\/v2\/pages\/31272\/revisions"}],"predecessor-version":[{"id":31278,"href":"https:\/\/exuvia.es\/ca\/wp-json\/wp\/v2\/pages\/31272\/revisions\/31278"}],"wp:attachment":[{"href":"https:\/\/exuvia.es\/ca\/wp-json\/wp\/v2\/media?parent=31272"}],"curies":[{"name":"wp","href":"https:\/\/api.w.org\/{rel}","templated":true}]}}